{"id":8502,"date":"2025-04-15T10:26:03","date_gmt":"2025-04-15T08:26:03","guid":{"rendered":"https:\/\/global-sanitaersysteme.de\/inicio\/"},"modified":"2026-04-21T13:13:00","modified_gmt":"2026-04-21T11:13:00","slug":"inicio","status":"publish","type":"page","link":"https:\/\/global-sanitaersysteme.de\/es\/","title":{"rendered":"Inicio"},"content":{"rendered":"","protected":false},"excerpt":{"rendered":"","protected":false},"author":2,"featured_media":0,"parent":0,"menu_order":0,"comment_status":"closed","ping_status":"open","template":"","meta":{"_acf_changed":false,"ngg_post_thumbnail":0,"footnotes":""},"class_list":["post-8502","page","type-page","status-publish","hentry"],"acf":[],"yoast_head":"<!-- This site is optimized with the Yoast SEO plugin v27.5 - https:\/\/yoast.com\/product\/yoast-seo-wordpress\/ -->\n<title>Sistemas sanitarios m\u00f3viles GLOBAL para tu negocio de alquiler<\/title>\n<meta name=\"description\" content=\"En GLOBAL, puedes comprar aseos port\u00e1tiles,Unidad de servicio , remolques sanitarios y mucho m\u00e1s directamente al fabricante con sus propias instalaciones de producci\u00f3n en Alemania.\" \/>\n<meta name=\"robots\" content=\"index, follow, max-snippet:-1, max-image-preview:large, max-video-preview:-1\" \/>\n<link rel=\"canonical\" href=\"https:\/\/global-sanitaersysteme.de\/es\/\" \/>\n<meta property=\"og:locale\" content=\"de_DE\" \/>\n<meta property=\"og:type\" content=\"article\" \/>\n<meta property=\"og:title\" content=\"Sistemas sanitarios m\u00f3viles GLOBAL para tu negocio de alquiler\" \/>\n<meta property=\"og:description\" content=\"En GLOBAL, puedes comprar aseos port\u00e1tiles,Unidad de servicio , remolques sanitarios y mucho m\u00e1s directamente al fabricante con sus propias instalaciones de producci\u00f3n en Alemania.\" \/>\n<meta property=\"og:url\" content=\"https:\/\/global-sanitaersysteme.de\/es\/\" \/>\n<meta property=\"og:site_name\" content=\"Global\" \/>\n<meta property=\"article:modified_time\" content=\"2026-04-21T11:13:00+00:00\" \/>\n<meta name=\"twitter:card\" content=\"summary_large_image\" \/>\n<!-- \/ Yoast SEO plugin. -->","yoast_head_json":{"title":"Sistemas sanitarios m\u00f3viles GLOBAL para tu negocio de alquiler","description":"En GLOBAL, puedes comprar aseos port\u00e1tiles,Unidad de servicio , remolques sanitarios y mucho m\u00e1s directamente al fabricante con sus propias instalaciones de producci\u00f3n en Alemania.","robots":{"index":"index","follow":"follow","max-snippet":"max-snippet:-1","max-image-preview":"max-image-preview:large","max-video-preview":"max-video-preview:-1"},"canonical":"https:\/\/global-sanitaersysteme.de\/es\/","og_locale":"de_DE","og_type":"article","og_title":"Sistemas sanitarios m\u00f3viles GLOBAL para tu negocio de alquiler","og_description":"En GLOBAL, puedes comprar aseos port\u00e1tiles,Unidad de servicio , remolques sanitarios y mucho m\u00e1s directamente al fabricante con sus propias instalaciones de producci\u00f3n en Alemania.","og_url":"https:\/\/global-sanitaersysteme.de\/es\/","og_site_name":"Global","article_modified_time":"2026-04-21T11:13:00+00:00","twitter_card":"summary_large_image","schema":{"@context":"https:\/\/schema.org","@graph":[{"@type":"WebPage","@id":"https:\/\/global-sanitaersysteme.de\/es\/","url":"https:\/\/global-sanitaersysteme.de\/es\/","name":"Sistemas sanitarios m\u00f3viles GLOBAL para tu negocio de alquiler","isPartOf":{"@id":"https:\/\/global-sanitaersysteme.de\/es\/#website"},"datePublished":"2025-04-15T08:26:03+00:00","dateModified":"2026-04-21T11:13:00+00:00","description":"En GLOBAL, puedes comprar aseos port\u00e1tiles,Unidad de servicio , remolques sanitarios y mucho m\u00e1s directamente al fabricante con sus propias instalaciones de producci\u00f3n en Alemania.","breadcrumb":{"@id":"https:\/\/global-sanitaersysteme.de\/es\/#breadcrumb"},"inLanguage":"de","potentialAction":[{"@type":"ReadAction","target":["https:\/\/global-sanitaersysteme.de\/es\/"]}]},{"@type":"BreadcrumbList","@id":"https:\/\/global-sanitaersysteme.de\/es\/#breadcrumb","itemListElement":[{"@type":"ListItem","position":1,"name":"Home","item":"https:\/\/global-sanitaersysteme.de\/es\/"},{"@type":"ListItem","position":2,"name":"Inicio"}]},{"@type":"WebSite","@id":"https:\/\/global-sanitaersysteme.de\/es\/#website","url":"https:\/\/global-sanitaersysteme.de\/es\/","name":"Global Sanit\u00e4rsysteme","description":"","publisher":{"@id":"https:\/\/global-sanitaersysteme.de\/es\/#organization"},"potentialAction":[{"@type":"SearchAction","target":{"@type":"EntryPoint","urlTemplate":"https:\/\/global-sanitaersysteme.de\/es\/?s={search_term_string}"},"query-input":{"@type":"PropertyValueSpecification","valueRequired":true,"valueName":"search_term_string"}}],"inLanguage":"de"},{"@type":"Organization","@id":"https:\/\/global-sanitaersysteme.de\/es\/#organization","name":"Global","url":"https:\/\/global-sanitaersysteme.de\/es\/","logo":{"@type":"ImageObject","inLanguage":"de","@id":"https:\/\/global-sanitaersysteme.de\/es\/#\/schema\/logo\/image\/","url":"https:\/\/global-sanitaersysteme.de\/wp-content\/uploads\/2025\/05\/logo-w.png","contentUrl":"https:\/\/global-sanitaersysteme.de\/wp-content\/uploads\/2025\/05\/logo-w.png","width":284,"height":61,"caption":"Global"},"image":{"@id":"https:\/\/global-sanitaersysteme.de\/es\/#\/schema\/logo\/image\/"}}]}},"_links":{"self":[{"href":"https:\/\/global-sanitaersysteme.de\/es\/wp-json\/wp\/v2\/pages\/8502","targetHints":{"allow":["GET"]}}],"collection":[{"href":"https:\/\/global-sanitaersysteme.de\/es\/wp-json\/wp\/v2\/pages"}],"about":[{"href":"https:\/\/global-sanitaersysteme.de\/es\/wp-json\/wp\/v2\/types\/page"}],"author":[{"embeddable":true,"href":"https:\/\/global-sanitaersysteme.de\/es\/wp-json\/wp\/v2\/users\/2"}],"replies":[{"embeddable":true,"href":"https:\/\/global-sanitaersysteme.de\/es\/wp-json\/wp\/v2\/comments?post=8502"}],"version-history":[{"count":5,"href":"https:\/\/global-sanitaersysteme.de\/es\/wp-json\/wp\/v2\/pages\/8502\/revisions"}],"predecessor-version":[{"id":9786,"href":"https:\/\/global-sanitaersysteme.de\/es\/wp-json\/wp\/v2\/pages\/8502\/revisions\/9786"}],"wp:attachment":[{"href":"https:\/\/global-sanitaersysteme.de\/es\/wp-json\/wp\/v2\/media?parent=8502"}],"curies":[{"name":"wp","href":"https:\/\/api.w.org\/{rel}","templated":true}]}}