{"id":9282,"date":"2025-04-15T10:26:03","date_gmt":"2025-04-15T08:26:03","guid":{"rendered":"https:\/\/global-sanitaersysteme.de\/accueil\/"},"modified":"2026-04-13T11:54:31","modified_gmt":"2026-04-13T09:54:31","slug":"accueil","status":"publish","type":"page","link":"https:\/\/global-sanitaersysteme.de\/fr\/","title":{"rendered":"Accueil"},"content":{"rendered":"","protected":false},"excerpt":{"rendered":"","protected":false},"author":2,"featured_media":0,"parent":0,"menu_order":0,"comment_status":"closed","ping_status":"open","template":"","meta":{"_acf_changed":false,"ngg_post_thumbnail":0,"footnotes":""},"class_list":["post-9282","page","type-page","status-publish","hentry"],"acf":[],"yoast_head":"<!-- This site is optimized with the Yoast SEO plugin v27.5 - https:\/\/yoast.com\/product\/yoast-seo-wordpress\/ -->\n<title>Syst\u00e8mes sanitaires mobiles GLOBAL pour votre activit\u00e9 de location<\/title>\n<meta name=\"description\" content=\"Chez GLOBAL, vous achetez des toilettes mobiles, des unit\u00e9s de traitement des d\u00e9chets, des chariots de toilettes et bien plus encore, directement aupr\u00e8s du fabricant qui assure lui-m\u00eame la production en Allemagne.\" \/>\n<meta name=\"robots\" content=\"index, follow, max-snippet:-1, max-image-preview:large, max-video-preview:-1\" \/>\n<link rel=\"canonical\" href=\"https:\/\/global-sanitaersysteme.de\/fr\/\" \/>\n<meta property=\"og:locale\" content=\"de_DE\" \/>\n<meta property=\"og:type\" content=\"article\" \/>\n<meta property=\"og:title\" content=\"Syst\u00e8mes sanitaires mobiles GLOBAL pour votre activit\u00e9 de location\" \/>\n<meta property=\"og:description\" content=\"Chez GLOBAL, vous achetez des toilettes mobiles, des unit\u00e9s de traitement des d\u00e9chets, des chariots de toilettes et bien plus encore, directement aupr\u00e8s du fabricant qui assure lui-m\u00eame la production en Allemagne.\" \/>\n<meta property=\"og:url\" content=\"https:\/\/global-sanitaersysteme.de\/fr\/\" \/>\n<meta property=\"og:site_name\" content=\"Global\" \/>\n<meta property=\"article:modified_time\" content=\"2026-04-13T09:54:31+00:00\" \/>\n<meta name=\"twitter:card\" content=\"summary_large_image\" \/>\n<!-- \/ Yoast SEO plugin. -->","yoast_head_json":{"title":"Syst\u00e8mes sanitaires mobiles GLOBAL pour votre activit\u00e9 de location","description":"Chez GLOBAL, vous achetez des toilettes mobiles, des unit\u00e9s de traitement des d\u00e9chets, des chariots de toilettes et bien plus encore, directement aupr\u00e8s du fabricant qui assure lui-m\u00eame la production en Allemagne.","robots":{"index":"index","follow":"follow","max-snippet":"max-snippet:-1","max-image-preview":"max-image-preview:large","max-video-preview":"max-video-preview:-1"},"canonical":"https:\/\/global-sanitaersysteme.de\/fr\/","og_locale":"de_DE","og_type":"article","og_title":"Syst\u00e8mes sanitaires mobiles GLOBAL pour votre activit\u00e9 de location","og_description":"Chez GLOBAL, vous achetez des toilettes mobiles, des unit\u00e9s de traitement des d\u00e9chets, des chariots de toilettes et bien plus encore, directement aupr\u00e8s du fabricant qui assure lui-m\u00eame la production en Allemagne.","og_url":"https:\/\/global-sanitaersysteme.de\/fr\/","og_site_name":"Global","article_modified_time":"2026-04-13T09:54:31+00:00","twitter_card":"summary_large_image","schema":{"@context":"https:\/\/schema.org","@graph":[{"@type":"WebPage","@id":"https:\/\/global-sanitaersysteme.de\/fr\/","url":"https:\/\/global-sanitaersysteme.de\/fr\/","name":"Syst\u00e8mes sanitaires mobiles GLOBAL pour votre activit\u00e9 de location","isPartOf":{"@id":"https:\/\/global-sanitaersysteme.de\/fr\/#website"},"datePublished":"2025-04-15T08:26:03+00:00","dateModified":"2026-04-13T09:54:31+00:00","description":"Chez GLOBAL, vous achetez des toilettes mobiles, des unit\u00e9s de traitement des d\u00e9chets, des chariots de toilettes et bien plus encore, directement aupr\u00e8s du fabricant qui assure lui-m\u00eame la production en Allemagne.","breadcrumb":{"@id":"https:\/\/global-sanitaersysteme.de\/fr\/#breadcrumb"},"inLanguage":"de","potentialAction":[{"@type":"ReadAction","target":["https:\/\/global-sanitaersysteme.de\/fr\/"]}]},{"@type":"BreadcrumbList","@id":"https:\/\/global-sanitaersysteme.de\/fr\/#breadcrumb","itemListElement":[{"@type":"ListItem","position":1,"name":"Home","item":"https:\/\/global-sanitaersysteme.de\/fr\/"},{"@type":"ListItem","position":2,"name":"Accueil"}]},{"@type":"WebSite","@id":"https:\/\/global-sanitaersysteme.de\/fr\/#website","url":"https:\/\/global-sanitaersysteme.de\/fr\/","name":"Global Sanit\u00e4rsysteme","description":"","publisher":{"@id":"https:\/\/global-sanitaersysteme.de\/fr\/#organization"},"potentialAction":[{"@type":"SearchAction","target":{"@type":"EntryPoint","urlTemplate":"https:\/\/global-sanitaersysteme.de\/fr\/?s={search_term_string}"},"query-input":{"@type":"PropertyValueSpecification","valueRequired":true,"valueName":"search_term_string"}}],"inLanguage":"de"},{"@type":"Organization","@id":"https:\/\/global-sanitaersysteme.de\/fr\/#organization","name":"Global","url":"https:\/\/global-sanitaersysteme.de\/fr\/","logo":{"@type":"ImageObject","inLanguage":"de","@id":"https:\/\/global-sanitaersysteme.de\/fr\/#\/schema\/logo\/image\/","url":"https:\/\/global-sanitaersysteme.de\/wp-content\/uploads\/2025\/05\/logo-w.png","contentUrl":"https:\/\/global-sanitaersysteme.de\/wp-content\/uploads\/2025\/05\/logo-w.png","width":284,"height":61,"caption":"Global"},"image":{"@id":"https:\/\/global-sanitaersysteme.de\/fr\/#\/schema\/logo\/image\/"}}]}},"_links":{"self":[{"href":"https:\/\/global-sanitaersysteme.de\/fr\/wp-json\/wp\/v2\/pages\/9282","targetHints":{"allow":["GET"]}}],"collection":[{"href":"https:\/\/global-sanitaersysteme.de\/fr\/wp-json\/wp\/v2\/pages"}],"about":[{"href":"https:\/\/global-sanitaersysteme.de\/fr\/wp-json\/wp\/v2\/types\/page"}],"author":[{"embeddable":true,"href":"https:\/\/global-sanitaersysteme.de\/fr\/wp-json\/wp\/v2\/users\/2"}],"replies":[{"embeddable":true,"href":"https:\/\/global-sanitaersysteme.de\/fr\/wp-json\/wp\/v2\/comments?post=9282"}],"version-history":[{"count":3,"href":"https:\/\/global-sanitaersysteme.de\/fr\/wp-json\/wp\/v2\/pages\/9282\/revisions"}],"predecessor-version":[{"id":9719,"href":"https:\/\/global-sanitaersysteme.de\/fr\/wp-json\/wp\/v2\/pages\/9282\/revisions\/9719"}],"wp:attachment":[{"href":"https:\/\/global-sanitaersysteme.de\/fr\/wp-json\/wp\/v2\/media?parent=9282"}],"curies":[{"name":"wp","href":"https:\/\/api.w.org\/{rel}","templated":true}]}}